{"id":495,"date":"2021-11-17T16:24:17","date_gmt":"2021-11-17T16:24:17","guid":{"rendered":"https:\/\/www.leikir-studio.com\/?page_id=495"},"modified":"2021-11-19T09:34:55","modified_gmt":"2021-11-19T09:34:55","slug":"politique-de-confidentialite","status":"publish","type":"page","link":"https:\/\/www.leikir-studio.com\/fr\/politique-de-confidentialite\/","title":{"rendered":"Politique de confidentialit\u00e9"},"content":{"rendered":"\n<h2>Gestion des cookies<\/h2>\n\n\n\n<p>Les cookies utilis\u00e9s sur ce site ne servent uniquement \u00e0 la navigation de l&rsquo;utilisateur et au bon affichage du site. L\u2019utilisation de ces derniers ne requiert pas votre consentement selon l\u2019<strong><a href=\"https:\/\/www.legifrance.gouv.fr\/affichTexteArticle.do?idArticle=LEGIARTI000024506226&amp;cidTexte=LEGITEXT000006068624\">article 32&nbsp;II de la loi n\u00b0 78-17 du 6 janvier 1978<\/a><\/strong>.<\/p>\n\n\n\n<figure class=\"wp-block-table\"><table><tbody><tr><td><strong>Nom du cookie<\/strong><\/td><td><strong>Finalit\u00e9 du cookie<\/strong><\/td><\/tr><tr><td>PHPSSID<\/td><td>Cookie de stockage des donn\u00e9es de navigation permettant le passage d\u2019une page \u00e0 l\u2019autre sans perte d\u2019information. Il ne sert qu\u2019au bon fonctionnement du site.<\/td><\/tr><tr><td>wp-wpml_current_language<\/td><td>Cookie de stockage du choix de langue. Il ne sert qu\u2019au bon fonctionnement du site.<\/td><\/tr><\/tbody><\/table><\/figure>\n\n\n\n<h2>Contenu embarqu\u00e9 depuis d\u2019autres sites<\/h2>\n\n\n\n<p>Les articles de ce site peuvent inclure des contenus int\u00e9gr\u00e9s (par exemple des vid\u00e9os, images, articles\u2026). Le contenu int\u00e9gr\u00e9 depuis d\u2019autres sites se comporte de la m\u00eame mani\u00e8re que si le visiteur se rendait sur cet autre site.<\/p>\n\n\n\n<p>Ces sites web pourraient collecter des donn\u00e9es sur vous, utiliser des cookies, embarquer des outils de suivis tiers, suivre vos interactions avec ces contenus embarqu\u00e9s si vous disposez d\u2019un compte connect\u00e9 sur leur site web.<\/p>\n\n\n\n<h2>Wordfence Security<\/h2>\n\n\n\n<p>Nous utilisons le plugin Wordfence Security pour nous prot\u00e9ger contre les virus, les logiciels malveillants et les attaques externes. Le fournisseur est Defiant, 800 5th Ave Ste 4100, Seattle, WA 98104, USA (<a href=\"https:\/\/www.defiant.com\/\"><strong>https:\/\/www.defiant.com\/<\/strong><\/a>). Le plugin utilise des cookies pour distinguer les humains des robots. Vous trouverez plus d&rsquo;informations sur les cookies qui seront utilis\u00e9s sur : <a href=\"https:\/\/www.wordfence.com\/help\/general-data-protection-regulation\/\"><strong>https:\/\/www.wordfence.com\/help\/general-data-protection-regulation\/<\/strong><\/a><\/p>\n\n\n\n<p>Le traitement ult\u00e9rieur des donn\u00e9es personnelles a pour but de se prot\u00e9ger contre les attaques par force brute les attaques par d\u00e9ni de service. A cet effet, les adresses IP sont stock\u00e9es sur les serveurs de Wordfence. Les adresses IP class\u00e9es comme inoffensives sont plac\u00e9es sur une liste blanche. Wordfence Security s\u00e9curise notre site Web et prot\u00e8ge les visiteurs contre les virus et les logiciels malveillants. Il s&rsquo;agit l\u00e0 d&rsquo;un int\u00e9r\u00eat l\u00e9gitime au sens de l&rsquo;article 6, alin\u00e9a 1 let. f du RGPD.<\/p>\n\n\n\n<p>Nous avons conclu un contrat DPA (contrat de traitement de donn\u00e9es ou Data Processing Aggreement, DPA) avec Defiant. Ceci garantit que Defiant traite les donn\u00e9es des utilisateurs uniquement dans le cadre des normes europ\u00e9ennes de protection des donn\u00e9es et exclusivement aux fins \u00e9nonc\u00e9es ci-dessus, sans les transmettre \u00e0 des tiers.<\/p>\n","protected":false},"excerpt":{"rendered":"<p>Gestion des cookies Les cookies utilis\u00e9s sur ce site ne servent uniquement \u00e0 la navigation de l&rsquo;utilisateur et au bon affichage du site. L\u2019utilisation de ces derniers ne requiert pas votre consentement selon l\u2019article 32&nbsp;II de la loi n\u00b0 78-17 du 6 janvier 1978. Nom du cookie Finalit\u00e9 du cookie PHPSSID Cookie de stockage des [&hellip;]<\/p>\n","protected":false},"author":3,"featured_media":0,"parent":0,"menu_order":0,"comment_status":"closed","ping_status":"closed","template":"","meta":[],"acf":[],"yoast_head":"<!-- This site is optimized with the Yoast SEO plugin v18.0 - https:\/\/yoast.com\/wordpress\/plugins\/seo\/ -->\n<title>Politique de confidentialit\u00e9 - Leikir Studio<\/title>\n<meta name=\"robots\" content=\"index, follow, max-snippet:-1, max-image-preview:large, max-video-preview:-1\" \/>\n<link rel=\"canonical\" href=\"https:\/\/www.leikir-studio.com\/fr\/politique-de-confidentialite\/\" \/>\n<meta property=\"og:locale\" content=\"fr_FR\" \/>\n<meta property=\"og:type\" content=\"article\" \/>\n<meta property=\"og:title\" content=\"Politique de confidentialit\u00e9 - Leikir Studio\" \/>\n<meta property=\"og:description\" content=\"Gestion des cookies Les cookies utilis\u00e9s sur ce site ne servent uniquement \u00e0 la navigation de l&rsquo;utilisateur et au bon affichage du site. L\u2019utilisation de ces derniers ne requiert pas votre consentement selon l\u2019article 32&nbsp;II de la loi n\u00b0 78-17 du 6 janvier 1978. Nom du cookie Finalit\u00e9 du cookie PHPSSID Cookie de stockage des [&hellip;]\" \/>\n<meta property=\"og:url\" content=\"https:\/\/www.leikir-studio.com\/fr\/politique-de-confidentialite\/\" \/>\n<meta property=\"og:site_name\" content=\"Leikir Studio\" \/>\n<meta property=\"article:modified_time\" content=\"2021-11-19T09:34:55+00:00\" \/>\n<meta name=\"twitter:card\" content=\"summary_large_image\" \/>\n<script type=\"application\/ld+json\" class=\"yoast-schema-graph\">{\"@context\":\"https:\/\/schema.org\",\"@graph\":[{\"@type\":\"WebSite\",\"@id\":\"https:\/\/www.leikir-studio.com\/fr\/#website\",\"url\":\"https:\/\/www.leikir-studio.com\/fr\/\",\"name\":\"Leikir Studio\",\"description\":\"\",\"potentialAction\":[{\"@type\":\"SearchAction\",\"target\":{\"@type\":\"EntryPoint\",\"urlTemplate\":\"https:\/\/www.leikir-studio.com\/fr\/?s={search_term_string}\"},\"query-input\":\"required name=search_term_string\"}],\"inLanguage\":\"fr-FR\"},{\"@type\":\"WebPage\",\"@id\":\"https:\/\/www.leikir-studio.com\/fr\/politique-de-confidentialite\/#webpage\",\"url\":\"https:\/\/www.leikir-studio.com\/fr\/politique-de-confidentialite\/\",\"name\":\"Politique de confidentialit\u00e9 - Leikir Studio\",\"isPartOf\":{\"@id\":\"https:\/\/www.leikir-studio.com\/fr\/#website\"},\"datePublished\":\"2021-11-17T16:24:17+00:00\",\"dateModified\":\"2021-11-19T09:34:55+00:00\",\"breadcrumb\":{\"@id\":\"https:\/\/www.leikir-studio.com\/fr\/politique-de-confidentialite\/#breadcrumb\"},\"inLanguage\":\"fr-FR\",\"potentialAction\":[{\"@type\":\"ReadAction\",\"target\":[\"https:\/\/www.leikir-studio.com\/fr\/politique-de-confidentialite\/\"]}]},{\"@type\":\"BreadcrumbList\",\"@id\":\"https:\/\/www.leikir-studio.com\/fr\/politique-de-confidentialite\/#breadcrumb\",\"itemListElement\":[{\"@type\":\"ListItem\",\"position\":1,\"name\":\"Accueil\",\"item\":\"https:\/\/www.leikir-studio.com\/fr\/\"},{\"@type\":\"ListItem\",\"position\":2,\"name\":\"Politique de confidentialit\u00e9\"}]}]}<\/script>\n<!-- \/ Yoast SEO plugin. -->","yoast_head_json":{"title":"Politique de confidentialit\u00e9 - Leikir Studio","robots":{"index":"index","follow":"follow","max-snippet":"max-snippet:-1","max-image-preview":"max-image-preview:large","max-video-preview":"max-video-preview:-1"},"canonical":"https:\/\/www.leikir-studio.com\/fr\/politique-de-confidentialite\/","og_locale":"fr_FR","og_type":"article","og_title":"Politique de confidentialit\u00e9 - Leikir Studio","og_description":"Gestion des cookies Les cookies utilis\u00e9s sur ce site ne servent uniquement \u00e0 la navigation de l&rsquo;utilisateur et au bon affichage du site. L\u2019utilisation de ces derniers ne requiert pas votre consentement selon l\u2019article 32&nbsp;II de la loi n\u00b0 78-17 du 6 janvier 1978. Nom du cookie Finalit\u00e9 du cookie PHPSSID Cookie de stockage des [&hellip;]","og_url":"https:\/\/www.leikir-studio.com\/fr\/politique-de-confidentialite\/","og_site_name":"Leikir Studio","article_modified_time":"2021-11-19T09:34:55+00:00","twitter_card":"summary_large_image","schema":{"@context":"https:\/\/schema.org","@graph":[{"@type":"WebSite","@id":"https:\/\/www.leikir-studio.com\/fr\/#website","url":"https:\/\/www.leikir-studio.com\/fr\/","name":"Leikir Studio","description":"","potentialAction":[{"@type":"SearchAction","target":{"@type":"EntryPoint","urlTemplate":"https:\/\/www.leikir-studio.com\/fr\/?s={search_term_string}"},"query-input":"required name=search_term_string"}],"inLanguage":"fr-FR"},{"@type":"WebPage","@id":"https:\/\/www.leikir-studio.com\/fr\/politique-de-confidentialite\/#webpage","url":"https:\/\/www.leikir-studio.com\/fr\/politique-de-confidentialite\/","name":"Politique de confidentialit\u00e9 - Leikir Studio","isPartOf":{"@id":"https:\/\/www.leikir-studio.com\/fr\/#website"},"datePublished":"2021-11-17T16:24:17+00:00","dateModified":"2021-11-19T09:34:55+00:00","breadcrumb":{"@id":"https:\/\/www.leikir-studio.com\/fr\/politique-de-confidentialite\/#breadcrumb"},"inLanguage":"fr-FR","potentialAction":[{"@type":"ReadAction","target":["https:\/\/www.leikir-studio.com\/fr\/politique-de-confidentialite\/"]}]},{"@type":"BreadcrumbList","@id":"https:\/\/www.leikir-studio.com\/fr\/politique-de-confidentialite\/#breadcrumb","itemListElement":[{"@type":"ListItem","position":1,"name":"Accueil","item":"https:\/\/www.leikir-studio.com\/fr\/"},{"@type":"ListItem","position":2,"name":"Politique de confidentialit\u00e9"}]}]}},"_links":{"self":[{"href":"https:\/\/www.leikir-studio.com\/fr\/wp-json\/wp\/v2\/pages\/495"}],"collection":[{"href":"https:\/\/www.leikir-studio.com\/fr\/wp-json\/wp\/v2\/pages"}],"about":[{"href":"https:\/\/www.leikir-studio.com\/fr\/wp-json\/wp\/v2\/types\/page"}],"author":[{"embeddable":true,"href":"https:\/\/www.leikir-studio.com\/fr\/wp-json\/wp\/v2\/users\/3"}],"replies":[{"embeddable":true,"href":"https:\/\/www.leikir-studio.com\/fr\/wp-json\/wp\/v2\/comments?post=495"}],"version-history":[{"count":6,"href":"https:\/\/www.leikir-studio.com\/fr\/wp-json\/wp\/v2\/pages\/495\/revisions"}],"predecessor-version":[{"id":516,"href":"https:\/\/www.leikir-studio.com\/fr\/wp-json\/wp\/v2\/pages\/495\/revisions\/516"}],"wp:attachment":[{"href":"https:\/\/www.leikir-studio.com\/fr\/wp-json\/wp\/v2\/media?parent=495"}],"curies":[{"name":"wp","href":"https:\/\/api.w.org\/{rel}","templated":true}]}}