{"id":439,"date":"2021-09-23T11:00:31","date_gmt":"2021-09-23T11:00:31","guid":{"rendered":"https:\/\/www.leikir-studio.com\/?page_id=439"},"modified":"2022-01-05T08:54:55","modified_gmt":"2022-01-05T08:54:55","slug":"mentions-legales","status":"publish","type":"page","link":"https:\/\/www.leikir-studio.com\/fr\/mentions-legales\/","title":{"rendered":"Mentions l\u00e9gales"},"content":{"rendered":"\n<pre class=\"wp-block-preformatted\">Le site Leikir Studio (ci-apr\u00e8s 'le Site') est \u00e9dit\u00e9 par la soci\u00e9t\u00e9 Leikir Studio (ci-apr\u00e8s l'Editeur), SARL au capital social de 1200 \u20ac dont le si\u00e8ge social est situ\u00e9 au 30 rue westermeyer 94200 Ivry sur Seine.\nEmail : admin.web@leikir.io\nRCS 788 721 389\nTVA intracommunautaire FR14 788721389 \nLe directeur de la publication est M.Aur\u00e9lien Loos.\n\nLe site Leikir Studio est h\u00e9berg\u00e9 par la soci\u00e9t\u00e9 OVH, SAS dont le si\u00e8ge social est situ\u00e9 2 rue Kellermann, 59100 Roubaix, France, sur un serveur situ\u00e9 \u00e0 Gravelines, France.<\/pre>\n","protected":false},"excerpt":{"rendered":"<p>Le site Leikir Studio (ci-apr\u00e8s &lsquo;le Site&rsquo;) est \u00e9dit\u00e9 par la soci\u00e9t\u00e9 Leikir Studio (ci-apr\u00e8s l&rsquo;Editeur), SARL au capital social de 1200 \u20ac dont le si\u00e8ge social est situ\u00e9 au 30 rue westermeyer 94200 Ivry sur Seine. Email : admin.web@leikir.io RCS 788 721 389 TVA intracommunautaire FR14 788721389 Le directeur de la publication est M.Aur\u00e9lien [&hellip;]<\/p>\n","protected":false},"author":3,"featured_media":0,"parent":0,"menu_order":0,"comment_status":"closed","ping_status":"closed","template":"","meta":[],"acf":[],"yoast_head":"<!-- This site is optimized with the Yoast SEO plugin v18.0 - https:\/\/yoast.com\/wordpress\/plugins\/seo\/ -->\n<title>Mentions l\u00e9gales - Leikir Studio<\/title>\n<meta name=\"robots\" content=\"index, follow, max-snippet:-1, max-image-preview:large, max-video-preview:-1\" \/>\n<link rel=\"canonical\" href=\"https:\/\/www.leikir-studio.com\/fr\/mentions-legales\/\" \/>\n<meta property=\"og:locale\" content=\"fr_FR\" \/>\n<meta property=\"og:type\" content=\"article\" \/>\n<meta property=\"og:title\" content=\"Mentions l\u00e9gales - Leikir Studio\" \/>\n<meta property=\"og:description\" content=\"Le site Leikir Studio (ci-apr\u00e8s &#039;le Site&#039;) est \u00e9dit\u00e9 par la soci\u00e9t\u00e9 Leikir Studio (ci-apr\u00e8s l&#039;Editeur), SARL au capital social de 1200 \u20ac dont le si\u00e8ge social est situ\u00e9 au 30 rue westermeyer 94200 Ivry sur Seine. Email : admin.web@leikir.io RCS 788 721 389 TVA intracommunautaire FR14 788721389 Le directeur de la publication est M.Aur\u00e9lien [&hellip;]\" \/>\n<meta property=\"og:url\" content=\"https:\/\/www.leikir-studio.com\/fr\/mentions-legales\/\" \/>\n<meta property=\"og:site_name\" content=\"Leikir Studio\" \/>\n<meta property=\"article:modified_time\" content=\"2022-01-05T08:54:55+00:00\" \/>\n<meta name=\"twitter:card\" content=\"summary_large_image\" \/>\n<script type=\"application\/ld+json\" class=\"yoast-schema-graph\">{\"@context\":\"https:\/\/schema.org\",\"@graph\":[{\"@type\":\"WebSite\",\"@id\":\"https:\/\/www.leikir-studio.com\/fr\/#website\",\"url\":\"https:\/\/www.leikir-studio.com\/fr\/\",\"name\":\"Leikir Studio\",\"description\":\"\",\"potentialAction\":[{\"@type\":\"SearchAction\",\"target\":{\"@type\":\"EntryPoint\",\"urlTemplate\":\"https:\/\/www.leikir-studio.com\/fr\/?s={search_term_string}\"},\"query-input\":\"required name=search_term_string\"}],\"inLanguage\":\"fr-FR\"},{\"@type\":\"WebPage\",\"@id\":\"https:\/\/www.leikir-studio.com\/fr\/mentions-legales\/#webpage\",\"url\":\"https:\/\/www.leikir-studio.com\/fr\/mentions-legales\/\",\"name\":\"Mentions l\u00e9gales - Leikir Studio\",\"isPartOf\":{\"@id\":\"https:\/\/www.leikir-studio.com\/fr\/#website\"},\"datePublished\":\"2021-09-23T11:00:31+00:00\",\"dateModified\":\"2022-01-05T08:54:55+00:00\",\"breadcrumb\":{\"@id\":\"https:\/\/www.leikir-studio.com\/fr\/mentions-legales\/#breadcrumb\"},\"inLanguage\":\"fr-FR\",\"potentialAction\":[{\"@type\":\"ReadAction\",\"target\":[\"https:\/\/www.leikir-studio.com\/fr\/mentions-legales\/\"]}]},{\"@type\":\"BreadcrumbList\",\"@id\":\"https:\/\/www.leikir-studio.com\/fr\/mentions-legales\/#breadcrumb\",\"itemListElement\":[{\"@type\":\"ListItem\",\"position\":1,\"name\":\"Accueil\",\"item\":\"https:\/\/www.leikir-studio.com\/fr\/\"},{\"@type\":\"ListItem\",\"position\":2,\"name\":\"Mentions l\u00e9gales\"}]}]}<\/script>\n<!-- \/ Yoast SEO plugin. -->","yoast_head_json":{"title":"Mentions l\u00e9gales - Leikir Studio","robots":{"index":"index","follow":"follow","max-snippet":"max-snippet:-1","max-image-preview":"max-image-preview:large","max-video-preview":"max-video-preview:-1"},"canonical":"https:\/\/www.leikir-studio.com\/fr\/mentions-legales\/","og_locale":"fr_FR","og_type":"article","og_title":"Mentions l\u00e9gales - Leikir Studio","og_description":"Le site Leikir Studio (ci-apr\u00e8s 'le Site') est \u00e9dit\u00e9 par la soci\u00e9t\u00e9 Leikir Studio (ci-apr\u00e8s l'Editeur), SARL au capital social de 1200 \u20ac dont le si\u00e8ge social est situ\u00e9 au 30 rue westermeyer 94200 Ivry sur Seine. Email : admin.web@leikir.io RCS 788 721 389 TVA intracommunautaire FR14 788721389 Le directeur de la publication est M.Aur\u00e9lien [&hellip;]","og_url":"https:\/\/www.leikir-studio.com\/fr\/mentions-legales\/","og_site_name":"Leikir Studio","article_modified_time":"2022-01-05T08:54:55+00:00","twitter_card":"summary_large_image","schema":{"@context":"https:\/\/schema.org","@graph":[{"@type":"WebSite","@id":"https:\/\/www.leikir-studio.com\/fr\/#website","url":"https:\/\/www.leikir-studio.com\/fr\/","name":"Leikir Studio","description":"","potentialAction":[{"@type":"SearchAction","target":{"@type":"EntryPoint","urlTemplate":"https:\/\/www.leikir-studio.com\/fr\/?s={search_term_string}"},"query-input":"required name=search_term_string"}],"inLanguage":"fr-FR"},{"@type":"WebPage","@id":"https:\/\/www.leikir-studio.com\/fr\/mentions-legales\/#webpage","url":"https:\/\/www.leikir-studio.com\/fr\/mentions-legales\/","name":"Mentions l\u00e9gales - Leikir Studio","isPartOf":{"@id":"https:\/\/www.leikir-studio.com\/fr\/#website"},"datePublished":"2021-09-23T11:00:31+00:00","dateModified":"2022-01-05T08:54:55+00:00","breadcrumb":{"@id":"https:\/\/www.leikir-studio.com\/fr\/mentions-legales\/#breadcrumb"},"inLanguage":"fr-FR","potentialAction":[{"@type":"ReadAction","target":["https:\/\/www.leikir-studio.com\/fr\/mentions-legales\/"]}]},{"@type":"BreadcrumbList","@id":"https:\/\/www.leikir-studio.com\/fr\/mentions-legales\/#breadcrumb","itemListElement":[{"@type":"ListItem","position":1,"name":"Accueil","item":"https:\/\/www.leikir-studio.com\/fr\/"},{"@type":"ListItem","position":2,"name":"Mentions l\u00e9gales"}]}]}},"_links":{"self":[{"href":"https:\/\/www.leikir-studio.com\/fr\/wp-json\/wp\/v2\/pages\/439"}],"collection":[{"href":"https:\/\/www.leikir-studio.com\/fr\/wp-json\/wp\/v2\/pages"}],"about":[{"href":"https:\/\/www.leikir-studio.com\/fr\/wp-json\/wp\/v2\/types\/page"}],"author":[{"embeddable":true,"href":"https:\/\/www.leikir-studio.com\/fr\/wp-json\/wp\/v2\/users\/3"}],"replies":[{"embeddable":true,"href":"https:\/\/www.leikir-studio.com\/fr\/wp-json\/wp\/v2\/comments?post=439"}],"version-history":[{"count":2,"href":"https:\/\/www.leikir-studio.com\/fr\/wp-json\/wp\/v2\/pages\/439\/revisions"}],"predecessor-version":[{"id":519,"href":"https:\/\/www.leikir-studio.com\/fr\/wp-json\/wp\/v2\/pages\/439\/revisions\/519"}],"wp:attachment":[{"href":"https:\/\/www.leikir-studio.com\/fr\/wp-json\/wp\/v2\/media?parent=439"}],"curies":[{"name":"wp","href":"https:\/\/api.w.org\/{rel}","templated":true}]}}