{"id":42,"date":"2021-06-18T19:41:21","date_gmt":"2021-06-18T19:41:21","guid":{"rendered":"https:\/\/www.leikir-studio.com\/?page_id=42"},"modified":"2021-08-19T09:01:34","modified_gmt":"2021-08-19T09:01:34","slug":"press-kits","status":"publish","type":"page","link":"https:\/\/www.leikir-studio.com\/fr\/press-kits\/","title":{"rendered":"Press kits"},"content":{"rendered":"\n<p>Leikir Studio est un studio ind\u00e9pendant bas\u00e9 \u00e0 Ivry sur Seine, en France. Sp\u00e9cialis\u00e9s dans les jeux \u00e0 syst\u00e8me, nous avons \u00e0 c\u0153ur de porter des projets qui nous passionnent. <\/p>\n\n\n\n<p>Nous sommes les cr\u00e9ateurs de l&rsquo;impitoyable Isbarah, du chaleureux Wondershot, du robotique I AM LEGION et du diabolique Rogue Lords. Aujourd&rsquo;hui, nous mettons toute notre \u00e9nergie et notre talent sur Metal Slug Tactics pour honorer les heures de joie pass\u00e9es sur cette licence mythique.<\/p>\n\n\n\n<p> <\/p>\n\n\n\n<div id=\"press-kits-listblock_60f956b89a5f4\" class=\"press-kits-list block\">\n    <a href=\"https:\/\/www.leikir-studio.com\/fr\/press-kit\/synergy\/\" id=\"synergy\" class=\"press-kits-link\" style='--press-kit-bg: url(\"https:\/\/www.leikir-studio.com\/wp-content\/uploads\/2022\/06\/Keyart_SY_Logo-1024x576.jpg\"); --press-kit-gradient: var(--theme-synergy-gradient)'>\n      <span>Synergy<\/span>\n      <div class=\"press-kits-link-gradient\"><\/div>\n      <svg class=\"press-kits-link-arrow\" width=\"15\" height=\"15\" viewBox=\"0 0 15 15\" fill=\"none\" xmlns=\"http:\/\/www.w3.org\/2000\/svg\">\n        <path d=\"M14.7602 6.91716L9.34321 1.50001C9.18857 1.34538 8.98248 1.2605 8.76273 1.2605C8.54273 1.2605 8.33675 1.3455 8.18212 1.50001L7.6903 1.99196C7.53578 2.14634 7.45066 2.35256 7.45066 2.57244C7.45066 2.79219 7.53578 3.00536 7.6903 3.15975L10.8505 6.32692H0.810358C0.35768 6.32692 0 6.68131 0 7.13411V7.82959C0 8.28239 0.35768 8.67251 0.810358 8.67251H10.8864L7.69042 11.8574C7.53591 12.012 7.45079 12.2126 7.45079 12.4325C7.45079 12.6521 7.53591 12.8556 7.69042 13.0102L8.18224 13.5005C8.33687 13.6552 8.54285 13.7394 8.76285 13.7394C8.9826 13.7394 9.1887 13.6541 9.34333 13.4994L14.7604 8.08239C14.9154 7.92727 15.0006 7.7202 15 7.50008C15.0005 7.27923 14.9154 7.07204 14.7602 6.91716Z\" fill=\"white\"\/>\n      <\/svg>\n    <\/a>\n    <a href=\"https:\/\/www.leikir-studio.com\/fr\/press-kit\/metal-slug-tactics\/\" id=\"metal-slug-tactics\" class=\"press-kits-link\" style='--press-kit-bg: url(\"https:\/\/www.leikir-studio.com\/wp-content\/uploads\/2021\/07\/metal-slug-press-kit-1.png\"); --press-kit-gradient: var(--theme-metal-slug-tactics-gradient)'>\n      <span>Metal Slug Tactics<\/span>\n      <div class=\"press-kits-link-gradient\"><\/div>\n      <svg class=\"press-kits-link-arrow\" width=\"15\" height=\"15\" viewBox=\"0 0 15 15\" fill=\"none\" xmlns=\"http:\/\/www.w3.org\/2000\/svg\">\n        <path d=\"M14.7602 6.91716L9.34321 1.50001C9.18857 1.34538 8.98248 1.2605 8.76273 1.2605C8.54273 1.2605 8.33675 1.3455 8.18212 1.50001L7.6903 1.99196C7.53578 2.14634 7.45066 2.35256 7.45066 2.57244C7.45066 2.79219 7.53578 3.00536 7.6903 3.15975L10.8505 6.32692H0.810358C0.35768 6.32692 0 6.68131 0 7.13411V7.82959C0 8.28239 0.35768 8.67251 0.810358 8.67251H10.8864L7.69042 11.8574C7.53591 12.012 7.45079 12.2126 7.45079 12.4325C7.45079 12.6521 7.53591 12.8556 7.69042 13.0102L8.18224 13.5005C8.33687 13.6552 8.54285 13.7394 8.76285 13.7394C8.9826 13.7394 9.1887 13.6541 9.34333 13.4994L14.7604 8.08239C14.9154 7.92727 15.0006 7.7202 15 7.50008C15.0005 7.27923 14.9154 7.07204 14.7602 6.91716Z\" fill=\"white\"\/>\n      <\/svg>\n    <\/a>\n<\/div> ","protected":false},"excerpt":{"rendered":"<p>Leikir Studio est un studio ind\u00e9pendant bas\u00e9 \u00e0 Ivry sur Seine, en France. Sp\u00e9cialis\u00e9s dans les jeux \u00e0 syst\u00e8me, nous avons \u00e0 c\u0153ur de porter des projets qui nous passionnent. Nous sommes les cr\u00e9ateurs de l&rsquo;impitoyable Isbarah, du chaleureux Wondershot, du robotique I AM LEGION et du diabolique Rogue Lords. Aujourd&rsquo;hui, nous mettons toute notre [&hellip;]<\/p>\n","protected":false},"author":3,"featured_media":0,"parent":0,"menu_order":0,"comment_status":"closed","ping_status":"closed","template":"","meta":[],"acf":[],"yoast_head":"<!-- This site is optimized with the Yoast SEO plugin v18.0 - https:\/\/yoast.com\/wordpress\/plugins\/seo\/ -->\n<title>Press kits - Leikir Studio<\/title>\n<meta name=\"robots\" content=\"index, follow, max-snippet:-1, max-image-preview:large, max-video-preview:-1\" \/>\n<link rel=\"canonical\" href=\"https:\/\/www.leikir-studio.com\/fr\/press-kits\/\" \/>\n<meta property=\"og:locale\" content=\"fr_FR\" \/>\n<meta property=\"og:type\" content=\"article\" \/>\n<meta property=\"og:title\" content=\"Press kits - Leikir Studio\" \/>\n<meta property=\"og:description\" content=\"Leikir Studio est un studio ind\u00e9pendant bas\u00e9 \u00e0 Ivry sur Seine, en France. Sp\u00e9cialis\u00e9s dans les jeux \u00e0 syst\u00e8me, nous avons \u00e0 c\u0153ur de porter des projets qui nous passionnent. Nous sommes les cr\u00e9ateurs de l&rsquo;impitoyable Isbarah, du chaleureux Wondershot, du robotique I AM LEGION et du diabolique Rogue Lords. Aujourd&rsquo;hui, nous mettons toute notre [&hellip;]\" \/>\n<meta property=\"og:url\" content=\"https:\/\/www.leikir-studio.com\/fr\/press-kits\/\" \/>\n<meta property=\"og:site_name\" content=\"Leikir Studio\" \/>\n<meta property=\"article:modified_time\" content=\"2021-08-19T09:01:34+00:00\" \/>\n<meta name=\"twitter:card\" content=\"summary_large_image\" \/>\n<script type=\"application\/ld+json\" class=\"yoast-schema-graph\">{\"@context\":\"https:\/\/schema.org\",\"@graph\":[{\"@type\":\"WebSite\",\"@id\":\"https:\/\/www.leikir-studio.com\/fr\/#website\",\"url\":\"https:\/\/www.leikir-studio.com\/fr\/\",\"name\":\"Leikir Studio\",\"description\":\"\",\"potentialAction\":[{\"@type\":\"SearchAction\",\"target\":{\"@type\":\"EntryPoint\",\"urlTemplate\":\"https:\/\/www.leikir-studio.com\/fr\/?s={search_term_string}\"},\"query-input\":\"required name=search_term_string\"}],\"inLanguage\":\"fr-FR\"},{\"@type\":\"WebPage\",\"@id\":\"https:\/\/www.leikir-studio.com\/fr\/press-kits\/#webpage\",\"url\":\"https:\/\/www.leikir-studio.com\/fr\/press-kits\/\",\"name\":\"Press kits - Leikir Studio\",\"isPartOf\":{\"@id\":\"https:\/\/www.leikir-studio.com\/fr\/#website\"},\"datePublished\":\"2021-06-18T19:41:21+00:00\",\"dateModified\":\"2021-08-19T09:01:34+00:00\",\"breadcrumb\":{\"@id\":\"https:\/\/www.leikir-studio.com\/fr\/press-kits\/#breadcrumb\"},\"inLanguage\":\"fr-FR\",\"potentialAction\":[{\"@type\":\"ReadAction\",\"target\":[\"https:\/\/www.leikir-studio.com\/fr\/press-kits\/\"]}]},{\"@type\":\"BreadcrumbList\",\"@id\":\"https:\/\/www.leikir-studio.com\/fr\/press-kits\/#breadcrumb\",\"itemListElement\":[{\"@type\":\"ListItem\",\"position\":1,\"name\":\"Accueil\",\"item\":\"https:\/\/www.leikir-studio.com\/fr\/\"},{\"@type\":\"ListItem\",\"position\":2,\"name\":\"Press kits\"}]}]}<\/script>\n<!-- \/ Yoast SEO plugin. -->","yoast_head_json":{"title":"Press kits - Leikir Studio","robots":{"index":"index","follow":"follow","max-snippet":"max-snippet:-1","max-image-preview":"max-image-preview:large","max-video-preview":"max-video-preview:-1"},"canonical":"https:\/\/www.leikir-studio.com\/fr\/press-kits\/","og_locale":"fr_FR","og_type":"article","og_title":"Press kits - Leikir Studio","og_description":"Leikir Studio est un studio ind\u00e9pendant bas\u00e9 \u00e0 Ivry sur Seine, en France. Sp\u00e9cialis\u00e9s dans les jeux \u00e0 syst\u00e8me, nous avons \u00e0 c\u0153ur de porter des projets qui nous passionnent. Nous sommes les cr\u00e9ateurs de l&rsquo;impitoyable Isbarah, du chaleureux Wondershot, du robotique I AM LEGION et du diabolique Rogue Lords. Aujourd&rsquo;hui, nous mettons toute notre [&hellip;]","og_url":"https:\/\/www.leikir-studio.com\/fr\/press-kits\/","og_site_name":"Leikir Studio","article_modified_time":"2021-08-19T09:01:34+00:00","twitter_card":"summary_large_image","schema":{"@context":"https:\/\/schema.org","@graph":[{"@type":"WebSite","@id":"https:\/\/www.leikir-studio.com\/fr\/#website","url":"https:\/\/www.leikir-studio.com\/fr\/","name":"Leikir Studio","description":"","potentialAction":[{"@type":"SearchAction","target":{"@type":"EntryPoint","urlTemplate":"https:\/\/www.leikir-studio.com\/fr\/?s={search_term_string}"},"query-input":"required name=search_term_string"}],"inLanguage":"fr-FR"},{"@type":"WebPage","@id":"https:\/\/www.leikir-studio.com\/fr\/press-kits\/#webpage","url":"https:\/\/www.leikir-studio.com\/fr\/press-kits\/","name":"Press kits - Leikir Studio","isPartOf":{"@id":"https:\/\/www.leikir-studio.com\/fr\/#website"},"datePublished":"2021-06-18T19:41:21+00:00","dateModified":"2021-08-19T09:01:34+00:00","breadcrumb":{"@id":"https:\/\/www.leikir-studio.com\/fr\/press-kits\/#breadcrumb"},"inLanguage":"fr-FR","potentialAction":[{"@type":"ReadAction","target":["https:\/\/www.leikir-studio.com\/fr\/press-kits\/"]}]},{"@type":"BreadcrumbList","@id":"https:\/\/www.leikir-studio.com\/fr\/press-kits\/#breadcrumb","itemListElement":[{"@type":"ListItem","position":1,"name":"Accueil","item":"https:\/\/www.leikir-studio.com\/fr\/"},{"@type":"ListItem","position":2,"name":"Press kits"}]}]}},"_links":{"self":[{"href":"https:\/\/www.leikir-studio.com\/fr\/wp-json\/wp\/v2\/pages\/42"}],"collection":[{"href":"https:\/\/www.leikir-studio.com\/fr\/wp-json\/wp\/v2\/pages"}],"about":[{"href":"https:\/\/www.leikir-studio.com\/fr\/wp-json\/wp\/v2\/types\/page"}],"author":[{"embeddable":true,"href":"https:\/\/www.leikir-studio.com\/fr\/wp-json\/wp\/v2\/users\/3"}],"replies":[{"embeddable":true,"href":"https:\/\/www.leikir-studio.com\/fr\/wp-json\/wp\/v2\/comments?post=42"}],"version-history":[{"count":4,"href":"https:\/\/www.leikir-studio.com\/fr\/wp-json\/wp\/v2\/pages\/42\/revisions"}],"predecessor-version":[{"id":595,"href":"https:\/\/www.leikir-studio.com\/fr\/wp-json\/wp\/v2\/pages\/42\/revisions\/595"}],"wp:attachment":[{"href":"https:\/\/www.leikir-studio.com\/fr\/wp-json\/wp\/v2\/media?parent=42"}],"curies":[{"name":"wp","href":"https:\/\/api.w.org\/{rel}","templated":true}]}}